{"id":63,"date":"2015-11-15T19:20:04","date_gmt":"2015-11-15T18:20:04","guid":{"rendered":"http:\/\/rawa-kanu.de\/rawa2016\/?page_id=63"},"modified":"2024-04-16T19:23:04","modified_gmt":"2024-04-16T17:23:04","slug":"uebernachten","status":"publish","type":"page","link":"https:\/\/rawa-kanu.de\/rawa2016\/der-verein\/uebernachten\/","title":{"rendered":"\u00dcbernachten"},"content":{"rendered":"\n<div class=\"wp-block-group is-vertical is-layout-flex wp-container-core-group-is-layout-8cf370e7 wp-block-group-is-layout-flex\">\n<p>G\u00e4ste, die Mitglied&nbsp;im Deutschen Kanuverband (DKV) sind, sind bei RAWA immer gerne&nbsp;gesehen. Auf unserer Wiese&nbsp;gibt es f\u00fcr G\u00e4ste Platz zum Zelten. Eine begrenzte Anzahl von Stellpl\u00e4tzen f\u00fcr Wohnwagen oder Wohnmobile ist ebenfalls vorhanden. Allerdings besteht keine M\u00f6glichkeit eines Stromanschlusses, weder \u00fcber eine Kabeltrommel noch \u00fcber das Aufstellen eines mitgebrachten Generators.<\/p>\n\n\n\n<p>Wenn Sie DKV Mitglied sind und bei uns \u00fcbernachten m\u00f6chten, schreiben&nbsp;Sie bitte eine Mail an <a href=\"mailto:info@rawa-kanu.de\">info@rawa-kanu.de<\/a>&nbsp;mit Angabe des Zeitraums Ihres Besuchs, der Anzahl der \u00dcbernachtungsg\u00e4ste und die Anzahl der Zelte, Wohnwagen oder Wohnmobile.<\/p>\n\n\n\n<p>Eine \u00dcbernachtung im Vereinshaus ist leider grunds\u00e4tzlich nicht&nbsp;m\u00f6glich.<\/p>\n\n\n\n<p><strong>Die \u00dcbernachtungskosten f\u00fcr DKV-Mitglieder pro Nacht: <\/strong><\/p>\n\n\n\n<p><\/p>\n\n\n\n<figure class=\"wp-block-table\"><table class=\"has-fixed-layout\"><tbody><tr><td class=\"has-text-align-right\" data-align=\"right\"><strong>Personen ab 18 Jahren:<\/strong><\/td><td><strong>4,00 \u20ac<\/strong><\/td><\/tr><tr><td class=\"has-text-align-right\" data-align=\"right\"><strong>Personen von 3 -17 Jahren:<\/strong> <\/td><td><strong>2,00 \u20ac<\/strong><\/td><\/tr><tr><td class=\"has-text-align-right\" data-align=\"right\"><strong>Wohnwagen:<\/strong><\/td><td><strong>5,00 \u20ac<\/strong><\/td><\/tr><tr><td class=\"has-text-align-right\" data-align=\"right\"><strong>Wohnmobil:<\/strong> <\/td><td><strong>6,50 \u20ac<\/strong><\/td><\/tr><tr><td class=\"has-text-align-right\" data-align=\"right\"><strong>Zelt bis 3 Personen: <\/strong><\/td><td><strong>3,00 \u20ac<\/strong><\/td><\/tr><tr><td class=\"has-text-align-right\" data-align=\"right\"><strong>Zelt ab 4 Personen: <\/strong><\/td><td><strong>4,00 \u20ac<\/strong><\/td><\/tr><\/tbody><\/table><\/figure>\n<\/div>\n\n\n","protected":false},"excerpt":{"rendered":"<p>G\u00e4ste, die Mitglied&nbsp;im Deutschen Kanuverband (DKV) sind, sind bei RAWA&#8230; <\/p>\n","protected":false},"author":1,"featured_media":0,"parent":4,"menu_order":2,"comment_status":"closed","ping_status":"closed","template":"template-full-width.php","meta":{"footnotes":""},"class_list":["post-63","page","type-page","status-publish","hentry"],"_links":{"self":[{"href":"https:\/\/rawa-kanu.de\/rawa2016\/wp-json\/wp\/v2\/pages\/63","targetHints":{"allow":["GET"]}}],"collection":[{"href":"https:\/\/rawa-kanu.de\/rawa2016\/wp-json\/wp\/v2\/pages"}],"about":[{"href":"https:\/\/rawa-kanu.de\/rawa2016\/wp-json\/wp\/v2\/types\/page"}],"author":[{"embeddable":true,"href":"https:\/\/rawa-kanu.de\/rawa2016\/wp-json\/wp\/v2\/users\/1"}],"replies":[{"embeddable":true,"href":"https:\/\/rawa-kanu.de\/rawa2016\/wp-json\/wp\/v2\/comments?post=63"}],"version-history":[{"count":20,"href":"https:\/\/rawa-kanu.de\/rawa2016\/wp-json\/wp\/v2\/pages\/63\/revisions"}],"predecessor-version":[{"id":2177,"href":"https:\/\/rawa-kanu.de\/rawa2016\/wp-json\/wp\/v2\/pages\/63\/revisions\/2177"}],"up":[{"embeddable":true,"href":"https:\/\/rawa-kanu.de\/rawa2016\/wp-json\/wp\/v2\/pages\/4"}],"wp:attachment":[{"href":"https:\/\/rawa-kanu.de\/rawa2016\/wp-json\/wp\/v2\/media?parent=63"}],"curies":[{"name":"wp","href":"https:\/\/api.w.org\/{rel}","templated":true}]}}