{"id":61,"date":"2015-11-15T19:18:28","date_gmt":"2015-11-15T18:18:28","guid":{"rendered":"http:\/\/rawa-kanu.de\/rawa2016\/?page_id=61"},"modified":"2016-01-24T20:24:15","modified_gmt":"2016-01-24T19:24:15","slug":"geschichte","status":"publish","type":"page","link":"https:\/\/rawa-kanu.de\/rawa2016\/der-verein\/geschichte\/","title":{"rendered":"Geschichte"},"content":{"rendered":"<p align=\"justify\">Der Juli 1931 ist die Geburtsstunde des Sportverein RWE. Einige sportinteressierte Mitarbeiter des Rheinisch-Westf\u00e4lischen Elektrizit\u00e4tswerkes gr\u00fcnden den Verein in Werden mit Geb\u00e4udenutzung der ehemaligen Wasserm\u00fchle im L\u00f6wental.<br \/>\nSportlich orientieren sich die Aktiven in vielerlei Richtungen. Unterabteilungen f\u00fcr Schwimmen, Leichtathletik, Gymnastik, Fu\u00dfball, Wandern, Wassersport und Tennis werden eingerichtet. Vor allem die Mitglieder der Wassersport- und Tennisabteilung haben bei Wettk\u00e4mpfen im regionalen und \u00fcberregionalen Bereich schon beachtliche Erfolge aufzuweisen. Der Zweite Weltkrieg beendet diese positive Entwicklung.<br \/>\nErst Anfang 1946 setzt das sportliche und gesellschaftliche Leben wieder ein. Am 20. Februar 1946 erfolgt die Neugr\u00fcndung des Vereins unter dem Namen \u201eRasen- und Wassersportverein Essen 1931 e.V.\u201c, kurz RAWA-Essen. Die Namens\u00e4nderung ist erforderlich geworden, weil es nach dem Willen der Alliierten keine Betriebssportgemeinschaften mehr geben darf.<br \/>\nDer Neubeginn konzentriert sich auf den Wiederaufbau des Bootshauses im L\u00f6wental. Der Schwerpunkt der Vereinst\u00e4tigkeit verlagert sich eindeutig auf die Wassersport-, die Tennis- und in bescheidenem Rahmen auf die Gymnastikabteilung. Der Ausbau der Bundesstra\u00dfe 224 kann die Einbeziehung des Bootshauses in die neue Trassenf\u00fchrung nicht verhindern. Anfang der 70er Jahre zieht RAWA vom L\u00f6wental an das Hardenbergufer.<br \/>\nFast zur gleichen Zeit muss die Tennisabteilung ein neues Vereinsheim bauen. Die beiden Hauptabteilungen haben sich juristisch getrennt. Die Wassersportabteilung f\u00fchrt den Namen weiter und \u00fcbernimmt auch den Gymnastikbereich. Die Tennisabteilung gr\u00fcndet einen neuen Verein unter dem Namen Tennisclub RAWA Essen 1972 e.V. Die Gymnastikabteilung hat den Sprung in die Neuzeit nicht geschafft. Aus Mangel an Nachwuchs wird sie 2004 aufgel\u00f6st. <\/p>\n<div id=\"grid-gallery-10-84117\" data-gg-id=\"10\" data-title=\"damals\" data-grid-type=\"0\" data-offset=\"5.3\" data-area-position=\"center\" data-icons=\"\" data-preloader=\"\" data-width=\"215\" data-height=\"215\" data-padding=\"0\" data-quicksand=\"disabled\" data-quicksand-duration=\"none\" data-popup-theme=\"theme_6\" data-popup-type=\"pretty-photo\" data-popup-image-text=\"title\" data-popup-widthsize=\"auto\" data-popup-heightsize=\"auto\" data-popup-i18n-words=\"{&quot;close&quot;:&quot;schlie\\u00dfen&quot;,&quot;next&quot;:&quot;n\\u00e4chste&quot;,&quot;previous&quot;:&quot;vorherige&quot;,&quot;start_slideshow&quot;:&quot;Starte Slideshow&quot;,&quot;stop_slideshow&quot;:&quot;Stoppe Slideshow&quot;,&quot;image&quot;:&quot;Bild&quot;,&quot;of&quot;:&quot;von&quot;,&quot;prev&quot;:&quot;vorherige&quot;,&quot;cExpand&quot;:&quot;Erweitere&quot;,&quot;cPrevious&quot;:&quot;Vorheriges&quot;,&quot;cNext&quot;:&quot;N\\u00e4chstes&quot;,&quot;cExpandStr&quot;:&quot;Erweitere Bild&quot;,&quot;cRotate&quot;:&quot;Rotate&quot;,&quot;cDetails&quot;:&quot;Details&quot;}\" data-popup-slideshow=\"true\" data-popup-slideshow-speed=\"2500\" data-popup-hoverstop=\"true\" data-popup-slideshow-auto=\"true\" data-popup-background=\"\" data-popup-transparency=\"30\" data-popup-disable-history=\"\" data-popup-disable-changed-url=\"\" data-popup-border-type=\"\" data-popup-border-color=\"\" data-popup-border-width=\"\" data-popup-border-enable=\"\" data-fullscreen=\"false\" data-hide-tooltip=\"true\" data-caption-font-family=\"Default\" data-caption-text-size=\"140\" data-is-mobile=\"0\" data-caption-mobile=\"false\" data-hide-long-tltp-title=\"0\" data-caption-disabled-on-mobile=\"false\" data-popup-placement-type=\"0\" data-social-sharing=\"{&quot;enabled&quot;:null,&quot;gallerySharing&quot;:{&quot;enabled&quot;:null,&quot;position&quot;:null},&quot;imageSharing&quot;:{&quot;enabled&quot;:null,&quot;wrapperClass&quot;:&quot; vertical &quot;},&quot;popupSharing&quot;:{&quot;enabled&quot;:null,&quot;wrapperClass&quot;:&quot; vertical &quot;}}\" class=\"grid-gallery grid-gallery-fixed \" style=\" width:100%; height:auto; margin-left:auto; margin-right:auto;position:relative;\"> <div class=\"gallery-loading\"> <div class=\"blocks\"> <div class=\"block\"><\/div> <div class=\"block\"><\/div> <div class=\"block\"><\/div> <div class=\"block\"><\/div> <\/div> <\/div> <div class=\"gallery-sharing-top\" style=\"display:none;\"> <\/div> <div id=\"photos-10\" class=\"grid-gallery-photos\"><FIGURE class=\"grid-gallery-caption\" data-grid-gallery-type=\"none\" data-index=\"0\" style=\"display:none;border-radius:00;; margin:5.3px; width:2150;\" ><div class=\"crop\" style=\" width:2150; height:2150; overflow:hidden;\"><img decoding=\"async\" src=\"http:\/\/rawa-kanu.de\/rawa2016\/wp-content\/uploads\/2016\/01\/seeadlertaufe-215x215.jpg\" class=\"ggImg\" alt=\"seeadlertaufe\" title=\"seeadlertaufe\" data-description=\"seeadlertaufe\" data-caption=\"Seeadler-Bootstaufe \" data-title=\"seeadlertaufe\" style=\" width:215px; height:215px;\" \/><\/div><FIGCAPTION class=\"\" data-alpha=\"5\" style=\"color:#ffffff; background-color:#37ff00; font-size:140; text-align:left; font-family:Default; opacity:1; bottom:0;\" ><div class=\"grid-gallery-figcaption-wrap\" style=\"\"><\/div><\/FIGCAPTION><\/FIGURE><FIGURE class=\"grid-gallery-caption\" data-grid-gallery-type=\"none\" data-index=\"1\" style=\"display:none;border-radius:00;; margin:5.3px; width:2150;\" ><div class=\"crop\" style=\" width:2150; height:2150; overflow:hidden;\"><img decoding=\"async\" src=\"http:\/\/rawa-kanu.de\/rawa2016\/wp-content\/uploads\/2016\/01\/altesgelaende-215x215.jpg\" class=\"ggImg\" alt=\"altesgelaende\" title=\"altesgelaende\" data-description=\"altesgelaende\" data-caption=\"das alte Gel\u00e4nde\" data-title=\"altesgelaende\" style=\" width:215px; height:215px;\" \/><\/div><FIGCAPTION class=\"\" data-alpha=\"5\" style=\"color:#ffffff; background-color:#37ff00; font-size:140; text-align:left; font-family:Default; opacity:1; bottom:0;\" ><div class=\"grid-gallery-figcaption-wrap\" style=\"\"><\/div><\/FIGCAPTION><\/FIGURE><FIGURE class=\"grid-gallery-caption\" data-grid-gallery-type=\"none\" data-index=\"2\" style=\"display:none;border-radius:00;; margin:5.3px; width:2150;\" ><div class=\"crop\" style=\" width:2150; height:2150; overflow:hidden;\"><img decoding=\"async\" src=\"http:\/\/rawa-kanu.de\/rawa2016\/wp-content\/uploads\/2016\/01\/AltesBootshaus-215x215.jpg\" class=\"ggImg\" alt=\"AltesBootshaus\" title=\"AltesBootshaus\" data-description=\"AltesBootshaus\" data-caption=\"das alte Bootshaus\" data-title=\"AltesBootshaus\" style=\" width:215px; height:215px;\" \/><\/div><FIGCAPTION class=\"\" data-alpha=\"5\" style=\"color:#ffffff; background-color:#37ff00; font-size:140; text-align:left; font-family:Default; opacity:1; bottom:0;\" ><div class=\"grid-gallery-figcaption-wrap\" style=\"\"><\/div><\/FIGCAPTION><\/FIGURE><FIGURE class=\"grid-gallery-caption\" data-grid-gallery-type=\"none\" data-index=\"3\" style=\"display:none;border-radius:00;; margin:5.3px; width:2150;\" ><div class=\"crop\" style=\" width:2150; height:2150; overflow:hidden;\"><img decoding=\"async\" src=\"http:\/\/rawa-kanu.de\/rawa2016\/wp-content\/uploads\/2016\/01\/AbbruchBootshaus-215x215.jpg\" class=\"ggImg\" alt=\"AbbruchBootshaus\" title=\"AbbruchBootshaus\" data-description=\"AbbruchBootshaus\" data-caption=\"Abriss des alten Bootrshauses\" data-title=\"AbbruchBootshaus\" style=\" width:215px; height:215px;\" \/><\/div><FIGCAPTION class=\"\" data-alpha=\"5\" style=\"color:#ffffff; background-color:#37ff00; font-size:140; text-align:left; font-family:Default; opacity:1; bottom:0;\" ><div class=\"grid-gallery-figcaption-wrap\" style=\"\"><\/div><\/FIGCAPTION><\/FIGURE><FIGURE class=\"grid-gallery-caption\" data-grid-gallery-type=\"none\" data-index=\"4\" style=\"display:none;border-radius:00;; margin:5.3px; width:2150;\" ><div class=\"crop\" style=\" width:2150; height:2150; overflow:hidden;\"><img decoding=\"async\" src=\"http:\/\/rawa-kanu.de\/rawa2016\/wp-content\/uploads\/2015\/11\/GrundsteinlegungBootshaus-215x215.jpg\" class=\"ggImg\" alt=\"\" title=\"\" data-description=\"\" data-caption=\"Grundsteinlegung des neuen Bootshaus\" data-title=\"\" style=\" width:215px; height:215px;\" \/><\/div><FIGCAPTION class=\"\" data-alpha=\"5\" style=\"color:#ffffff; background-color:#37ff00; font-size:140; text-align:left; font-family:Default; opacity:1; bottom:0;\" ><div class=\"grid-gallery-figcaption-wrap\" style=\"\"><\/div><\/FIGCAPTION><\/FIGURE> <div class=\"grid-gallery-clearfix\"><\/div> <\/div> <div class=\"gallery-sharing-bottom\" style=\"display:none;\"> <\/div> <div class=\"gallery-sharing-image\" style=\"display:none;\"> <\/div> <div class=\"gallery-sharing-popup\" style=\"display:none;\"> <\/div> <div class=\"grid-gallery-clearfix\"><\/div> <\/div> <!-- Gallery by Supsystic plugin1.16.0 --><a title=\"WordPress Gallery Plugin\" style=\"display:none;\" href=\"https:\/\/supsystic.com\/plugins\/photo-gallery\/?utm_medium=love_link\" target=\"_blank\">WordPress Gallery Plugin<\/a>\n","protected":false},"excerpt":{"rendered":"<p>Der Juli 1931 ist die Geburtsstunde des Sportverein RWE. Einige&#8230; <\/p>\n","protected":false},"author":1,"featured_media":0,"parent":4,"menu_order":3,"comment_status":"closed","ping_status":"closed","template":"template-full-width.php","meta":{"footnotes":""},"class_list":["post-61","page","type-page","status-publish","hentry"],"_links":{"self":[{"href":"https:\/\/rawa-kanu.de\/rawa2016\/wp-json\/wp\/v2\/pages\/61","targetHints":{"allow":["GET"]}}],"collection":[{"href":"https:\/\/rawa-kanu.de\/rawa2016\/wp-json\/wp\/v2\/pages"}],"about":[{"href":"https:\/\/rawa-kanu.de\/rawa2016\/wp-json\/wp\/v2\/types\/page"}],"author":[{"embeddable":true,"href":"https:\/\/rawa-kanu.de\/rawa2016\/wp-json\/wp\/v2\/users\/1"}],"replies":[{"embeddable":true,"href":"https:\/\/rawa-kanu.de\/rawa2016\/wp-json\/wp\/v2\/comments?post=61"}],"version-history":[{"count":6,"href":"https:\/\/rawa-kanu.de\/rawa2016\/wp-json\/wp\/v2\/pages\/61\/revisions"}],"predecessor-version":[{"id":336,"href":"https:\/\/rawa-kanu.de\/rawa2016\/wp-json\/wp\/v2\/pages\/61\/revisions\/336"}],"up":[{"embeddable":true,"href":"https:\/\/rawa-kanu.de\/rawa2016\/wp-json\/wp\/v2\/pages\/4"}],"wp:attachment":[{"href":"https:\/\/rawa-kanu.de\/rawa2016\/wp-json\/wp\/v2\/media?parent=61"}],"curies":[{"name":"wp","href":"https:\/\/api.w.org\/{rel}","templated":true}]}}