{"id":59,"date":"2015-11-15T19:11:48","date_gmt":"2015-11-15T18:11:48","guid":{"rendered":"http:\/\/rawa-kanu.de\/rawa2016\/?page_id=59"},"modified":"2023-01-14T15:04:07","modified_gmt":"2023-01-14T14:04:07","slug":"impressum","status":"publish","type":"page","link":"https:\/\/rawa-kanu.de\/rawa2016\/impressum\/","title":{"rendered":"Impressum \/ Kontakt"},"content":{"rendered":"<p>Die Domain www.rawa-kanu.de ist der Internetauftritt des:<\/p>\n<p>RAWA \u2013 Rasen und Wassersportverein Essen 1931 e.V.<\/p>\n<p>Hardenbergufer 123<br \/>\n45239 Essen<br \/>\nTel.: 0201-406441<\/p>\n<p>RAWA hat seinen Sitz in Essen und ist im Vereinsregister des Amtsgerichtes Essen unter der Nummer<br \/>\nVR 1711 eingetragen.<\/p>\n<p><strong>Vertretungsberechtigter Vorstand:<\/strong><br \/>\nThomas Feldmann, Lisa Engbring, Manfred Jaeger und Rainer Kemper<\/p>\n<p>Inhaltlich Verantwortlicher gem\u00e4\u00df \u00a7 6 MDStV: Thomas Feldmann<\/p>\n<p><strong>Verb\u00e4nde:<\/strong><br \/>\nDer Rasen und Wassersportverein Essen 1931 e.V. ist im Kanu-Verband NRW (<a href=\"http:\/\/www.kanu-nrw.de\" target=\"_blank\" rel=\"noopener\">www.kanu-nrw.de<\/a>) und im Deutschen Kanu-Verband (<a href=\"http:\/\/www.kanu.de\" target=\"_blank\" rel=\"noopener\">www.kanu.de<\/a>) eingegliedert.<br \/>\nHinweis zu den eMail Adressen auf dieser Homepage:<\/p>\n<p>Das Versenden von Spam-Nachrichten an die auf dieser Homepage angegebenen E-Mail Adressen ist untersagt.<\/p>\n<p>Wichtiger Hinweis zu allen Links auf dieser Homepage:<\/p>\n<p style=\"text-align: justify;\">Mit Urteil vom 12. Mai 1998 &#8211; 312 O 85\/98 &#8211; &#8222;Haftung f\u00fcr Links&#8220; hat das Landgericht (LG) Hamburg entschieden,\u00a0dass man durch die Anbringung eines Links, die Inhalte der gelinkten Seite ggf. mit zu verantworten hat.\u00a0Dies kann &#8211; so das LG &#8211; nur dadurch verhindert werden, dass man sich ausdr\u00fccklich von diesen Inhalten distanziert.\u00a0Hiermit distanzieren wir uns ausdr\u00fccklich von allen Inhalten aller gelinkten\u00a0Seiten auf dieser Homepage und machen uns diese Inhalte nicht zu eigen. Diese Erkl\u00e4rung gilt f\u00fcr alle auf dieser Homepage angebrachten Links<\/p>\n<p><strong>Webdesign:<\/strong> Uli Stoll<\/p>\n<p style=\"text-align: justify;\"><strong>Haftungsausschluss:<br \/>\n<\/strong>Wir bem\u00fchen uns stetig diese Internetseiten aktuell und fehlerfrei zu halten. Bitte haben Sie aber dennoch Verst\u00e4ndnis daf\u00fcr, dass wir keine Haftung oder Garantie f\u00fcr die Richtigkeit und Vollst\u00e4ndigkeit der zur Verf\u00fcgung gestellten Informationen und Daten \u00fcbernehmen k\u00f6nnen.<\/p>\n<p style=\"text-align: justify;\"><strong>Copyright:<br \/>\n<\/strong>Der Inhalt dieser Webseiten ist urheberrechtlich gesch\u00fctzt. Die Informationen und Darstellungen auf diesen Webseiten dienen ausschlie\u00dflich dem pers\u00f6nlichen Gebrauch durch den Nutzer. Die Verwertung, Vervielf\u00e4ltigung oder elektronische Verarbeitung von Inhalten jeglicher Art ist ohne vorherige schriftliche Zustimmung des Herausgebers nicht gestattet. Alle ver\u00f6ffentlichten Bilder unterliegen dem Copyright von RAWA und d\u00fcrfen ohne dessen schriftliche Genehmigung nicht verwendet werden.<\/p>\n\n<div class=\"wpcf7 no-js\" id=\"wpcf7-f149-o1\" lang=\"de-DE\" dir=\"ltr\" data-wpcf7-id=\"149\">\n<div class=\"screen-reader-response\"><p role=\"status\" aria-live=\"polite\" aria-atomic=\"true\"><\/p> <ul><\/ul><\/div>\n<form action=\"\/rawa2016\/wp-json\/wp\/v2\/pages\/59#wpcf7-f149-o1\" method=\"post\" class=\"wpcf7-form init\" aria-label=\"Kontaktformular\" novalidate=\"novalidate\" data-status=\"init\">\n<fieldset class=\"hidden-fields-container\"><input type=\"hidden\" name=\"_wpcf7\" value=\"149\" \/><input type=\"hidden\" name=\"_wpcf7_version\" value=\"6.1.3\" \/><input type=\"hidden\" name=\"_wpcf7_locale\" value=\"de_DE\" \/><input type=\"hidden\" name=\"_wpcf7_unit_tag\" value=\"wpcf7-f149-o1\" \/><input type=\"hidden\" name=\"_wpcf7_container_post\" value=\"0\" \/><input type=\"hidden\" name=\"_wpcf7_posted_data_hash\" value=\"\" \/>\n<\/fieldset>\n<font color=\"#20600\">\n\t<p>Dein Name (Pflichtfeld)\n\t<\/p>\n\t<p><span class=\"wpcf7-form-control-wrap\" data-name=\"your-name\"><input size=\"40\" maxlength=\"400\" class=\"wpcf7-form-control wpcf7-text wpcf7-validates-as-required\" aria-required=\"true\" aria-invalid=\"false\" value=\"\" type=\"text\" name=\"your-name\" \/><\/span>\n\t<\/p>\n\t<p>Deine E-Mail-Adresse (Pflichtfeld)\n\t<\/p>\n\t<p><span class=\"wpcf7-form-control-wrap\" data-name=\"your-email\"><input size=\"40\" maxlength=\"400\" class=\"wpcf7-form-control wpcf7-email wpcf7-validates-as-required wpcf7-text wpcf7-validates-as-email\" aria-required=\"true\" aria-invalid=\"false\" value=\"\" type=\"email\" name=\"your-email\" \/><\/span>\n\t<\/p>\n\t<p>Betreff\n\t<\/p>\n\t<p><span class=\"wpcf7-form-control-wrap\" data-name=\"your-subject\"><input size=\"40\" maxlength=\"400\" class=\"wpcf7-form-control wpcf7-text\" aria-invalid=\"false\" value=\"\" type=\"text\" name=\"your-subject\" \/><\/span>\n\t<\/p>\n\t<p>Deine Nachricht\n\t<\/p>\n\t<p><span class=\"wpcf7-form-control-wrap\" data-name=\"your-message\"><textarea cols=\"40\" rows=\"10\" maxlength=\"2000\" class=\"wpcf7-form-control wpcf7-textarea\" aria-invalid=\"false\" name=\"your-message\"><\/textarea><\/span>\n\t<\/p>\n\t<p><input class=\"wpcf7-form-control wpcf7-submit has-spinner\" type=\"submit\" value=\"Senden\" \/>\n\t<\/p>\n<\/font><div class=\"wpcf7-response-output\" aria-hidden=\"true\"><\/div>\n<\/form>\n<\/div>\n\n","protected":false},"excerpt":{"rendered":"<p>Die Domain www.rawa-kanu.de ist der Internetauftritt des: RAWA \u2013 Rasen&#8230; <\/p>\n","protected":false},"author":1,"featured_media":0,"parent":0,"menu_order":5,"comment_status":"closed","ping_status":"closed","template":"template-full-width.php","meta":{"footnotes":""},"class_list":["post-59","page","type-page","status-publish","hentry"],"_links":{"self":[{"href":"https:\/\/rawa-kanu.de\/rawa2016\/wp-json\/wp\/v2\/pages\/59","targetHints":{"allow":["GET"]}}],"collection":[{"href":"https:\/\/rawa-kanu.de\/rawa2016\/wp-json\/wp\/v2\/pages"}],"about":[{"href":"https:\/\/rawa-kanu.de\/rawa2016\/wp-json\/wp\/v2\/types\/page"}],"author":[{"embeddable":true,"href":"https:\/\/rawa-kanu.de\/rawa2016\/wp-json\/wp\/v2\/users\/1"}],"replies":[{"embeddable":true,"href":"https:\/\/rawa-kanu.de\/rawa2016\/wp-json\/wp\/v2\/comments?post=59"}],"version-history":[{"count":16,"href":"https:\/\/rawa-kanu.de\/rawa2016\/wp-json\/wp\/v2\/pages\/59\/revisions"}],"predecessor-version":[{"id":1697,"href":"https:\/\/rawa-kanu.de\/rawa2016\/wp-json\/wp\/v2\/pages\/59\/revisions\/1697"}],"wp:attachment":[{"href":"https:\/\/rawa-kanu.de\/rawa2016\/wp-json\/wp\/v2\/media?parent=59"}],"curies":[{"name":"wp","href":"https:\/\/api.w.org\/{rel}","templated":true}]}}